{"id":1073,"date":"2026-02-06T09:28:24","date_gmt":"2026-02-06T08:28:24","guid":{"rendered":"http:\/\/www.mieldelune.com\/?page_id=1073"},"modified":"2026-02-25T23:49:26","modified_gmt":"2026-02-25T22:49:26","slug":"tribulations","status":"publish","type":"page","link":"http:\/\/www.mieldelune.com\/index.php\/tribulations\/","title":{"rendered":"Tribulations"},"content":{"rendered":"\n<figure class=\"wp-block-image size-large is-resized\"><a href=\"http:\/\/www.mieldelune.com\/wp-content\/uploads\/2026\/02\/img620-e1771606557311.jpg\"><img loading=\"lazy\" decoding=\"async\" width=\"1024\" height=\"901\" src=\"http:\/\/www.mieldelune.com\/wp-content\/uploads\/2026\/02\/img620-1024x901.jpg\" alt=\"\" class=\"wp-image-1087\" style=\"aspect-ratio:1.1365269967443237;width:374px;height:auto\"\/><\/a><\/figure>\n\n\n\n<p>Th\u00e9\u00e2tre contemporain jeunesse et danse<br><strong>Cr\u00e9ation 2027<\/strong><\/p>\n\n\n\n<p><strong>\u00c0 partir de 8 ans<\/strong><br><strong>Dur\u00e9e : 50 min<\/strong><br><strong>Jauge : jusqu\u2019\u00e0 250 personnes<\/strong><\/p>\n\n\n\n<p>Texte : <strong>Gwendoline Soublin<\/strong><br>Mise en sc\u00e8ne : <strong>Corinne R\u00e9qu\u00e9na<\/strong><\/p>\n\n\n\n<p><a href=\"http:\/\/www.mieldelune.com\/wp-content\/uploads\/2026\/02\/Tribulations-SANS-PRIX-dossier-de-creation-WEB-V7.pdf\" target=\"_blank\" aria-label=\" (s\u2019ouvre dans un nouvel onglet)\" rel=\"noreferrer noopener\">T\u00e9l\u00e9charger le dossier (PDF)<\/a><\/p>\n\n\n\n<hr class=\"wp-block-separator has-alpha-channel-opacity\"\/>\n\n\n\n<h3 class=\"wp-block-heading\">LE SPECTACLE<\/h3>\n\n\n\n<p><strong>Tribulations<\/strong> est un projet th\u00e9\u00e2tral choral, travers\u00e9 par le mouvement, qui explore la place du singulier dans le groupe : ce que l\u2019on projette sur l\u2019autre, ce que l\u2019on envie, ce que l\u2019on rejette, et ce que l\u2019on finit parfois par reconna\u00eetre.<\/p>\n\n\n\n<hr class=\"wp-block-separator has-alpha-channel-opacity\"\/>\n\n\n\n<h3 class=\"wp-block-heading\">INFOS PRATIQUES<\/h3>\n\n\n\n<ul class=\"wp-block-list\">\n<li><strong>Genre<\/strong> : th\u00e9\u00e2tre et danse jeune public<\/li>\n\n\n\n<li><strong>Public<\/strong> : d\u00e8s 8 ans<\/li>\n\n\n\n<li><strong>Dur\u00e9e<\/strong> : 50 minutes<\/li>\n\n\n\n<li><strong>Jauge<\/strong> : 250 personnes<\/li>\n<\/ul>\n\n\n\n<p><strong>Coproductions acquises<\/strong><br>Le Sud-Est Th\u00e9\u00e2tre de Villeneuve-Saint-Georges (94)<br>Les Franciscaines de Deauville (14)<br>L&rsquo;Onde Th\u00e9\u00e2tre V\u00e9lizy-Villacoublay (78) \/ Sc\u00e8ne conventionn\u00e9e d&rsquo;int\u00e9r\u00eat national &#8211; Art et<br>Cr\u00e9ation pour la Danse<\/p>\n\n\n\n<hr class=\"wp-block-separator has-alpha-channel-opacity\"\/>\n\n\n\n<h3 class=\"wp-block-heading\">L\u2019HISTOIRE<\/h3>\n\n\n\n<p>Un matin, un nouveau d\u00e9barque dans la classe. Il s\u2019appelle Mohamed-Ahmed et il passe ses r\u00e9cr\u00e9s \u00e0 parler aux arbres. On l\u2019a entendu affirmer qu\u2019il serait le \u201cGrand buvard des arbres sacr\u00e9s\u201d.<\/p>\n\n\n\n<p>\u00c7a intrigue, \u00e7a fait parler, \u00e7a fait pouffer. Et quand Julianne se prend d\u2019amiti\u00e9 pour lui, une dr\u00f4le de jalousie se met \u00e0 circuler : qu\u2019a-t-il donc de si exceptionnel, ce Mohamed-Ahmed ? De quelle \u201ctribu\u201d singuli\u00e8re avons-nous soudain envie de nous revendiquer, pour prouver notre propre g\u00e9nialit\u00e9 ?<\/p>\n\n\n\n<hr class=\"wp-block-separator has-alpha-channel-opacity\"\/>\n\n\n\n<h3 class=\"wp-block-heading\">INTENTIONS<\/h3>\n\n\n\n<h4 class=\"wp-block-heading\">Note d\u2019intention de l\u2019autrice (Gwendoline Soublin)<\/h4>\n\n\n\n<p>\u00c0 l\u2019origine, un travail au long cours autour du singulier face au collectif : comment on dit \u201cje\u201d, comment on dit \u201cnous\u201d, comment le groupe fabrique des places et des r\u00e9cits. <strong>Tribulations<\/strong> s\u2019\u00e9crit dans cet endroit sensible : celui o\u00f9 l\u2019on grandit, o\u00f9 l\u2019on se compare, o\u00f9 l\u2019on se cherche, o\u00f9 l\u2019on tente de comprendre ce que la diff\u00e9rence fait au collectif, et ce que le collectif fait \u00e0 la diff\u00e9rence.<\/p>\n\n\n\n<h4 class=\"wp-block-heading\">Note d\u2019intention de mise en sc\u00e8ne (Corinne R\u00e9qu\u00e9na)<\/h4>\n\n\n\n<p>Avec <strong>Tribulations<\/strong>, Corinne R\u00e9qu\u00e9na renoue avec le mouvement : la danse vient soutenir la narration, raconter ce qui se joue sous les mots, dire les mondes int\u00e9rieurs, les tensions, la tendresse, le tumulte.<\/p>\n\n\n\n<p>Le texte choral ouvre des espaces o\u00f9 le corps prend la parole : une \u00e9criture de plateau hybride, physique, pr\u00e9cise, qui fait dialoguer th\u00e9\u00e2tre et danse pour rendre sensibles les forces invisibles du groupe.<\/p>\n\n\n\n<hr class=\"wp-block-separator has-alpha-channel-opacity\"\/>\n\n\n\n<h3 class=\"wp-block-heading\">\u00c9QUIPE ARTISTIQUE<\/h3>\n\n\n\n<ul class=\"wp-block-list\">\n<li><strong>Texte<\/strong> : Gwendoline Soublin<\/li>\n\n\n\n<li><strong>Mise en sc\u00e8ne<\/strong> : Corinne R\u00e9qu\u00e9na<\/li>\n\n\n\n<li><strong>Assistante \u00e0 la mise en sc\u00e8ne<\/strong> : M\u00e9lie N\u00e9el<\/li>\n\n\n\n<li><strong>Collaboration chor\u00e9graphique<\/strong> : en cours<\/li>\n\n\n\n<li><strong>Regard ext\u00e9rieur<\/strong> : Fran\u00e7ois Accard<\/li>\n\n\n\n<li><strong>Interpr\u00e9tation<\/strong> : Alexis Tieno (distribution en cours)<\/li>\n\n\n\n<li><strong>Sc\u00e9nographie<\/strong> : Victor Melchy<\/li>\n\n\n\n<li><strong>Lumi\u00e8re et r\u00e9gie g\u00e9n\u00e9rale<\/strong> : L\u00e9andre Garcia Lamolla<\/li>\n\n\n\n<li><strong>Musique<\/strong> : Joaquim Latarjet<\/li>\n\n\n\n<li><strong>Costumes<\/strong> : Elisabeth Martin Calzettoni<\/li>\n<\/ul>\n\n\n\n<hr class=\"wp-block-separator has-alpha-channel-opacity\"\/>\n\n\n\n<h3 class=\"wp-block-heading\">ACTIONS CULTURELLES ET EAC<\/h3>\n\n\n\n<h4 class=\"wp-block-heading\">PLURIEL(LES) \u2013 \u201cAller \u00e0 la rencontre de soi : ma diff\u00e9rence comme force !\u201d<\/h4>\n\n\n\n<p>\u00c9ducation artistique et culturelle et cr\u00e9ation partag\u00e9e, pens\u00e9e en lien direct avec la cr\u00e9ation de <strong>Tribulations<\/strong> (et pouvant aussi exister de mani\u00e8re autonome).<\/p>\n\n\n\n<p>Le parcours aborde la question du droit \u00e0 la diff\u00e9rence, particuli\u00e8rement vive \u00e0 la pr\u00e9adolescence et \u00e0 l\u2019adolescence : un chemin pour se raconter, comprendre le groupe, et transformer ce qui isole en ressource, en force, en point d\u2019appui.<\/p>\n\n\n\n<p>(Version web : ajoute ici 3 ou 4 puces \u201cformat possible\u201d si tu veux, par exemple ateliers, r\u00e9colte de paroles, restitution, etc. On peut le r\u00e9diger finement si tu me dis le format r\u00e9el que vous proposez.)<\/p>\n\n\n\n<hr class=\"wp-block-separator has-alpha-channel-opacity\"\/>\n","protected":false},"excerpt":{"rendered":"<p>Th\u00e9\u00e2tre contemporain jeunesse et danseCr\u00e9ation 2027 \u00c0 partir de 8 ansDur\u00e9e : 50 minJauge : jusqu\u2019\u00e0 250 personnes Texte : Gwendoline SoublinMise en sc\u00e8ne : Corinne R\u00e9qu\u00e9na T\u00e9l\u00e9charger le dossier (PDF) LE SPECTACLE Tribulations est un projet th\u00e9\u00e2tral choral, travers\u00e9 par le mouvement, qui explore la place du singulier dans [&hellip;]<\/p>\n","protected":false},"author":1,"featured_media":0,"parent":0,"menu_order":0,"comment_status":"closed","ping_status":"closed","template":"","meta":{"footnotes":""},"class_list":["post-1073","page","type-page","status-publish","hentry"],"yoast_head":"<!-- This site is optimized with the Yoast SEO plugin v14.4.1 - https:\/\/yoast.com\/wordpress\/plugins\/seo\/ -->\n<title>Tribulations -<\/title>\n<meta name=\"robots\" content=\"index, follow\" \/>\n<meta name=\"googlebot\" content=\"index, follow, max-snippet:-1, max-image-preview:large, max-video-preview:-1\" \/>\n<meta name=\"bingbot\" content=\"index, follow, max-snippet:-1, max-image-preview:large, max-video-preview:-1\" \/>\n<link rel=\"canonical\" href=\"http:\/\/www.mieldelune.com\/index.php\/tribulations\/\" \/>\n<meta property=\"og:locale\" content=\"fr_FR\" \/>\n<meta property=\"og:type\" content=\"article\" \/>\n<meta property=\"og:title\" content=\"Tribulations -\" \/>\n<meta property=\"og:description\" content=\"Th\u00e9\u00e2tre contemporain jeunesse et danseCr\u00e9ation 2027 \u00c0 partir de 8 ansDur\u00e9e : 50 minJauge : jusqu\u2019\u00e0 250 personnes Texte : Gwendoline SoublinMise en sc\u00e8ne : Corinne R\u00e9qu\u00e9na T\u00e9l\u00e9charger le dossier (PDF) LE SPECTACLE Tribulations est un projet th\u00e9\u00e2tral choral, travers\u00e9 par le mouvement, qui explore la place du singulier dans [&hellip;]\" \/>\n<meta property=\"og:url\" content=\"http:\/\/www.mieldelune.com\/index.php\/tribulations\/\" \/>\n<meta property=\"article:publisher\" content=\"https:\/\/www.facebook.com\/compagniemieldelune\" \/>\n<meta property=\"article:modified_time\" content=\"2026-02-25T22:49:26+00:00\" \/>\n<meta property=\"og:image\" content=\"http:\/\/www.mieldelune.com\/wp-content\/uploads\/2026\/02\/img620-1024x901.jpg\" \/>\n<meta name=\"twitter:card\" content=\"summary_large_image\" \/>\n<script type=\"application\/ld+json\" class=\"yoast-schema-graph\">{\"@context\":\"https:\/\/schema.org\",\"@graph\":[{\"@type\":\"Organization\",\"@id\":\"http:\/\/www.mieldelune.com\/#organization\",\"name\":\"Cie Miel de Lune\",\"url\":\"http:\/\/www.mieldelune.com\/\",\"sameAs\":[\"https:\/\/www.facebook.com\/compagniemieldelune\",\"https:\/\/www.linkedin.com\/company\/compagnie-miel-de-lune\"],\"logo\":{\"@type\":\"ImageObject\",\"@id\":\"http:\/\/www.mieldelune.com\/#logo\",\"inLanguage\":\"fr-FR\",\"url\":\"http:\/\/www.mieldelune.com\/wp-content\/uploads\/2020\/02\/Logo-1.png\",\"width\":1072,\"height\":1094,\"caption\":\"Cie Miel de Lune\"},\"image\":{\"@id\":\"http:\/\/www.mieldelune.com\/#logo\"}},{\"@type\":\"WebSite\",\"@id\":\"http:\/\/www.mieldelune.com\/#website\",\"url\":\"http:\/\/www.mieldelune.com\/\",\"name\":\"\",\"description\":\"Th\\u00e9\\u00e2tre contemporain jeunesse\",\"publisher\":{\"@id\":\"http:\/\/www.mieldelune.com\/#organization\"},\"potentialAction\":[{\"@type\":\"SearchAction\",\"target\":\"http:\/\/www.mieldelune.com\/?s={search_term_string}\",\"query-input\":\"required name=search_term_string\"}],\"inLanguage\":\"fr-FR\"},{\"@type\":\"ImageObject\",\"@id\":\"http:\/\/www.mieldelune.com\/index.php\/tribulations\/#primaryimage\",\"inLanguage\":\"fr-FR\",\"url\":\"http:\/\/www.mieldelune.com\/wp-content\/uploads\/2026\/02\/img620-e1771606557311.jpg\",\"width\":300,\"height\":690},{\"@type\":\"WebPage\",\"@id\":\"http:\/\/www.mieldelune.com\/index.php\/tribulations\/#webpage\",\"url\":\"http:\/\/www.mieldelune.com\/index.php\/tribulations\/\",\"name\":\"Tribulations -\",\"isPartOf\":{\"@id\":\"http:\/\/www.mieldelune.com\/#website\"},\"primaryImageOfPage\":{\"@id\":\"http:\/\/www.mieldelune.com\/index.php\/tribulations\/#primaryimage\"},\"datePublished\":\"2026-02-06T08:28:24+00:00\",\"dateModified\":\"2026-02-25T22:49:26+00:00\",\"inLanguage\":\"fr-FR\",\"potentialAction\":[{\"@type\":\"ReadAction\",\"target\":[\"http:\/\/www.mieldelune.com\/index.php\/tribulations\/\"]}]}]}<\/script>\n<!-- \/ Yoast SEO plugin. -->","_links":{"self":[{"href":"http:\/\/www.mieldelune.com\/index.php\/wp-json\/wp\/v2\/pages\/1073","targetHints":{"allow":["GET"]}}],"collection":[{"href":"http:\/\/www.mieldelune.com\/index.php\/wp-json\/wp\/v2\/pages"}],"about":[{"href":"http:\/\/www.mieldelune.com\/index.php\/wp-json\/wp\/v2\/types\/page"}],"author":[{"embeddable":true,"href":"http:\/\/www.mieldelune.com\/index.php\/wp-json\/wp\/v2\/users\/1"}],"replies":[{"embeddable":true,"href":"http:\/\/www.mieldelune.com\/index.php\/wp-json\/wp\/v2\/comments?post=1073"}],"version-history":[{"count":9,"href":"http:\/\/www.mieldelune.com\/index.php\/wp-json\/wp\/v2\/pages\/1073\/revisions"}],"predecessor-version":[{"id":1094,"href":"http:\/\/www.mieldelune.com\/index.php\/wp-json\/wp\/v2\/pages\/1073\/revisions\/1094"}],"wp:attachment":[{"href":"http:\/\/www.mieldelune.com\/index.php\/wp-json\/wp\/v2\/media?parent=1073"}],"curies":[{"name":"wp","href":"https:\/\/api.w.org\/{rel}","templated":true}]}}