{"id":19,"date":"2015-09-10T07:56:46","date_gmt":"2015-09-10T06:56:46","guid":{"rendered":"http:\/\/www.mieldelune.com\/?page_id=19"},"modified":"2025-06-13T10:35:18","modified_gmt":"2025-06-13T09:35:18","slug":"equipe","status":"publish","type":"page","link":"http:\/\/www.mieldelune.com\/index.php\/equipe\/","title":{"rendered":"La compagnie"},"content":{"rendered":"<h2>NOS LIGNES ARTISTIQUES<\/h2>\n<p>Bas\u00e9e \u00e0 Boulogne-Billancourt et recevant un fid\u00e8le soutien de sa ville depuis sa cr\u00e9ation, la compagnie a mis en lumi\u00e8re et d\u00e9fendu le r\u00e9pertoire th\u00e9\u00e2tral contemporain jeune public. Ces derni\u00e8res ann\u00e9es, la compagnie a ainsi mont\u00e9 des pi\u00e8ces d&rsquo;auteurs-trices tels que Nathalie Papin <em>Le Pays de Rien<\/em>, Bettina Wegenast <em>\u00catre le loup<\/em>, Fabrice Melquiot <em>Le Gardeur de silences<\/em>, Claudine Gal\u00e9a <em>L&rsquo;heure blanche<\/em> et <em>Toutes leurs robes noires<\/em> ou encore Douna Loup <em>Mon chien dieu<\/em>.<\/p>\n<p>La compagnie propose un th\u00e9\u00e2tre jeune public \u00e0 la fois esth\u00e9tique, po\u00e9tique, ludique et corporel en d\u00e9livrant \u00e0 tout un chacun un message de fond qui varie selon ses cr\u00e9ations. Miel de lune souhaite d\u00e9velopper un th\u00e9\u00e2tre qui r\u00e9unit les g\u00e9n\u00e9rations lors des repr\u00e9sentations en proposant des cr\u00e9ations avec plusieurs niveaux de lectures, des th\u00e8mes et une complexit\u00e9 de langages vari\u00e9s selon ses cr\u00e9ations. Elle s&rsquo;attache \u00e0 d\u00e9passer les barri\u00e8res entre les arts et d\u00e9veloppe des transversalit\u00e9 au service de l&rsquo;\u00e9motion th\u00e9\u00e2trale pour un spectacle vivant plein d&rsquo;humanit\u00e9 et d&rsquo;inventivit\u00e9 au service de l&rsquo;imaginaire.<\/p>\n<h2>NOTRE \u00c9QUIPE ARTISTIQUE<\/h2>\n<p><strong><a href=\"http:\/\/www.mieldelune.com\/wp-content\/uploads\/2015\/09\/photo-Coco.jpg\"><img loading=\"lazy\" decoding=\"async\" src=\"http:\/\/www.mieldelune.com\/wp-content\/uploads\/2015\/09\/photo-Coco-200x300.jpg\" alt=\"\" width=\"200\" height=\"300\" \/><\/a>Corinne R\u00e9qu\u00e9na &#8211; Metteure en sc\u00e8ne<\/strong><\/p>\n<p>Apr\u00e8s une formation \u00e0 Aix-en- Provence avec Bertrand Papillon (Conservatoire de Nice), Josette Ba\u00efz et Christine Fricker, Corinne entre dans la Compagnie de la Place Blanche (Josette Ba\u00efz). Elle vient ensuite \u00e0 Paris poursuivre divers stages avec Anne Dreyfus, Pierre Doussaint, Corinne Lancelle et plusieurs chor\u00e9graphes internationaux. Elle se forme au th\u00e9\u00e2tre avec Catherine Hubeau (Com\u00e9die Fran\u00e7aise) avec qui elle travaille r\u00e9guli\u00e8rement pour la compagnie Avril Enchant\u00e9. Elle assiste Catherine Hubeau \u00e0 la mise en sc\u00e8ne de spectacles dont elle cr\u00e9e \u00e9galement les chor\u00e9graphies. Corinne d\u00e9veloppe des techniques th\u00e9\u00e2trales favorisant le lien corps-voix qu\u2019elle enseigne dans diverses \u00e9coles de formation de l\u2019acteur, dans des ateliers en milieu scolaire et amateur. Passionn\u00e9e par la litt\u00e9rature th\u00e9\u00e2trale jeunesse, Corinne rejoint la compagnie Miel de Lune et met en sc\u00e8ne Zig Zag (projet th\u00e9\u00e2tral corporel \u00e9crit par Corinne), Le Pays de Rien (Nathalie Papin), \u00catre le Loup (Bettina Wegenast), Le Gardeur de Silences (Fabrice Melquiot). Corinne est \u00e9galement dipl\u00f4m\u00e9e en Art Th\u00e9rapie Cognitive et Comportementale, qu\u2019elle a enseign\u00e9 \u00e0 l\u2019Institut de M\u00e9decine Environnementale de Paris. En parall\u00e8le de ses cr\u00e9ations, elle m\u00e8ne pour la compagnie Miel de lune des projets de territoire : ateliers de th\u00e9\u00e2tre contemporain, projets de territoire, stage de formations enseignants.. La transmission est au coeur de son engagement artistique.<\/p>\n<p><strong>Fran\u00e7ois Accard &#8211; regard ext\u00e9rieur<\/strong><\/p>\n<p>Com\u00e9dien, il a travaill\u00e9 sous la direction de Jacques GAUDIER (Fassbinder, Goldoni, Fo, Perec), sous la direction de Fran\u00e7oise et Jean-Marc QUILLET, il participe aux cr\u00e9ations du Th\u00e9\u00e2tre du Monde. En 1997, int\u00e8gre le Th\u00e9\u00e2tre du Fr\u00eane \u00e0 Paris, sous la direction de Guy FREIXE, et joue dans la plupart des cr\u00e9ations de la compagnie (Moli\u00e8re, Marivaux, Lorca, Friel, Belbel&#8230;). Actuellement il travaille sur diff\u00e9rentes cr\u00e9ations jeune public.<\/p>\n<p><strong>Elena Bruckert &#8211; Com\u00e9dienne\u00a0<\/strong><\/p>\n<p>El\u00e9na Bruckert se forme tr\u00e8s jeune au chant, \u00e0 la danse, aux claquettes et \u00e0 la pratique instrumentale (piano)\u00a0\u00e0 la Ma\u00eetrise de l\u2019Op\u00e9ra National de Lyon de 1997 \u00e0 2007. \u2028\u2028En 2008, elle int\u00e8gre la classe th\u00e9\u00e2tre du Conservatoire de Lyon\u00a0: d\u2019abord \u00e9l\u00e8ve de Cycle 3, elle rejoint en 2010 le Cycle d\u2019Orientation Professionnelle Sp\u00e9cialis\u00e9.\u00a0Com\u00e9dienne, elle joue notamment dans Fianc\u00e9s en herbe de Feydeau, dans Massacre \u00e0 Paris de Marlowe (mise en sc\u00e8ne Laurent Brethome) ou encore dans la com\u00e9die musicale Bells are ringing de B.Comden et A.Green (mise en sc\u00e8ne Jean Lacornerie) en tourn\u00e9e 2015-2016.<\/p>\n<p><strong>Manika Auxire &#8211; Com\u00e9dienne\u00a0<\/strong><\/p>\n<p><strong>Quentin Vernede &#8211; Com\u00e9dien <\/strong><\/p>\n<p><strong>Bastien Chevrot &#8211; Com\u00e9dien<\/strong><\/p>\n<p><strong>M\u00e9lie N\u00e9el &#8211; Assistante \u00e0 la mise en sc\u00e8ne\u00a0<\/strong><\/p>\n<h2>NOTRE \u00c9QUIPE TECHNIQUE<\/h2>\n<p><strong>L\u00e9<\/strong><strong>andre Garcia-Lamolla &#8211;<\/strong>\u00a0<strong>Cr\u00e9ation lumi\u00e8res<\/strong><\/p>\n<p>L\u00e9andre Garcia-Lamolla travaille en tant que r\u00e9gisseur lumi\u00e8re et r\u00e9gisseur g\u00e9n\u00e9ral pour de nombreuses compagnies telles que la compagnie Oh Oui, la compagnie Virevolte et bien d\u2019autres encore. Il a rejoint la compagnie Miel de Lune en 2005.<\/p>\n<p><strong>Victor Melchy &#8211;<\/strong>\u00a0<strong>Sc\u00e9nographie &amp; d\u00e9cors<\/strong><\/p>\n<p>Issu de l\u2019Ecole National des Arts D\u00e9coratifs de Paris, Victor Melchy r\u00e9alise ses premi\u00e8res sc\u00e9nographies th\u00e9\u00e2trales en 2010. Parall\u00e8lement \u00e0 son travail pour l\u2019univers dramatique, il s\u2019inscrit dans l\u2019univers cin\u00e9matographique et oeuvre en tant que chef d\u00e9corateur sur plusieurs productions depuis 2009.<\/p>\n<p><strong>Elisabeth Martin<\/strong><strong>\u00a0&#8211;<\/strong>\u00a0<strong>Cr\u00e9ation costumes<\/strong><\/p>\n<p><strong>Joachim Latarjet &#8211;\u00a0Cr\u00e9ation sonore &amp; musique<\/strong><\/p>\n<p>Musicien tromboniste n\u00e9 en 1970, il fonde avec Alexandra Fleischer la compagnie Oh\u00a0! Oui\u2026, et met en sc\u00e8ne des spectacles de th\u00e9\u00e2tre musical parmi lesquels Le Chant de la Terre, Songs For My Brain et deux cin\u00e9-concerts Charley Bowers, Bricoleur de g\u00e9nie et King Kong. Il a \u00e9t\u00e9 artiste associ\u00e9 \u00e0 La Filature (Sc\u00e8ne Nationale de Mulhouse) de 2008 \u00e0 2012. Il est un des membres fondateurs de la compagnie Sentimental Bourreau et participe \u00e0 toutes les cr\u00e9ations de 1989 \u00e0 2000. Il a travaill\u00e9 avec Michel Deutsch sur les Impr\u00e9cations II, IV, 36. Il a compos\u00e9 la musique du Solo de Philippe Decoufl\u00e9 qu\u2019il interpr\u00e8te sur sc\u00e8ne depuis 2003.<\/p>\n<p><strong>Val\u00e9ry Faidherbe &#8211; Cr\u00e9ation et r\u00e9gie vid\u00e9o<\/strong><\/p>\n<p>Issu du monde de la lumi\u00e8re, infographiste et vid\u00e9aste, il a travaill\u00e9 avec des artistes tels que Laurent Garnier ou \u00c9tienne Daho ainsi que sur les spectacles de Johachim Latarjet. Il aime utiliser les techniques de l\u2019informatique tant pour la diffusion que pour la cr\u00e9ation d\u2019images statiques et vid\u00e9o.<\/p>\n","protected":false},"excerpt":{"rendered":"<p>NOS LIGNES ARTISTIQUES Bas\u00e9e \u00e0 Boulogne-Billancourt et recevant un fid\u00e8le soutien de sa ville depuis sa cr\u00e9ation, la compagnie a mis en lumi\u00e8re et d\u00e9fendu le r\u00e9pertoire th\u00e9\u00e2tral contemporain jeune public. Ces derni\u00e8res ann\u00e9es, la compagnie a ainsi mont\u00e9 des pi\u00e8ces d&rsquo;auteurs-trices tels que Nathalie Papin Le Pays de Rien, [&hellip;]<\/p>\n","protected":false},"author":1,"featured_media":0,"parent":0,"menu_order":0,"comment_status":"closed","ping_status":"closed","template":"","meta":{"footnotes":""},"class_list":["post-19","page","type-page","status-publish","hentry"],"yoast_head":"<!-- This site is optimized with the Yoast SEO plugin v14.4.1 - https:\/\/yoast.com\/wordpress\/plugins\/seo\/ -->\n<title>La compagnie -<\/title>\n<meta name=\"robots\" content=\"index, follow\" \/>\n<meta name=\"googlebot\" content=\"index, follow, max-snippet:-1, max-image-preview:large, max-video-preview:-1\" \/>\n<meta name=\"bingbot\" content=\"index, follow, max-snippet:-1, max-image-preview:large, max-video-preview:-1\" \/>\n<link rel=\"canonical\" href=\"http:\/\/www.mieldelune.com\/index.php\/equipe\/\" \/>\n<meta property=\"og:locale\" content=\"fr_FR\" \/>\n<meta property=\"og:type\" content=\"article\" \/>\n<meta property=\"og:title\" content=\"La compagnie -\" \/>\n<meta property=\"og:description\" content=\"NOS LIGNES ARTISTIQUES Bas\u00e9e \u00e0 Boulogne-Billancourt et recevant un fid\u00e8le soutien de sa ville depuis sa cr\u00e9ation, la compagnie a mis en lumi\u00e8re et d\u00e9fendu le r\u00e9pertoire th\u00e9\u00e2tral contemporain jeune public. Ces derni\u00e8res ann\u00e9es, la compagnie a ainsi mont\u00e9 des pi\u00e8ces d&rsquo;auteurs-trices tels que Nathalie Papin Le Pays de Rien, [&hellip;]\" \/>\n<meta property=\"og:url\" content=\"http:\/\/www.mieldelune.com\/index.php\/equipe\/\" \/>\n<meta property=\"article:publisher\" content=\"https:\/\/www.facebook.com\/compagniemieldelune\" \/>\n<meta property=\"article:modified_time\" content=\"2025-06-13T09:35:18+00:00\" \/>\n<meta property=\"og:image\" content=\"http:\/\/www.mieldelune.com\/wp-content\/uploads\/2015\/09\/photo-Coco-200x300.jpg\" \/>\n<meta name=\"twitter:card\" content=\"summary_large_image\" \/>\n<script type=\"application\/ld+json\" class=\"yoast-schema-graph\">{\"@context\":\"https:\/\/schema.org\",\"@graph\":[{\"@type\":\"Organization\",\"@id\":\"http:\/\/www.mieldelune.com\/#organization\",\"name\":\"Cie Miel de Lune\",\"url\":\"http:\/\/www.mieldelune.com\/\",\"sameAs\":[\"https:\/\/www.facebook.com\/compagniemieldelune\",\"https:\/\/www.linkedin.com\/company\/compagnie-miel-de-lune\"],\"logo\":{\"@type\":\"ImageObject\",\"@id\":\"http:\/\/www.mieldelune.com\/#logo\",\"inLanguage\":\"fr-FR\",\"url\":\"http:\/\/www.mieldelune.com\/wp-content\/uploads\/2020\/02\/Logo-1.png\",\"width\":1072,\"height\":1094,\"caption\":\"Cie Miel de Lune\"},\"image\":{\"@id\":\"http:\/\/www.mieldelune.com\/#logo\"}},{\"@type\":\"WebSite\",\"@id\":\"http:\/\/www.mieldelune.com\/#website\",\"url\":\"http:\/\/www.mieldelune.com\/\",\"name\":\"\",\"description\":\"Th\\u00e9\\u00e2tre contemporain jeunesse\",\"publisher\":{\"@id\":\"http:\/\/www.mieldelune.com\/#organization\"},\"potentialAction\":[{\"@type\":\"SearchAction\",\"target\":\"http:\/\/www.mieldelune.com\/?s={search_term_string}\",\"query-input\":\"required name=search_term_string\"}],\"inLanguage\":\"fr-FR\"},{\"@type\":\"ImageObject\",\"@id\":\"http:\/\/www.mieldelune.com\/index.php\/equipe\/#primaryimage\",\"inLanguage\":\"fr-FR\",\"url\":\"http:\/\/www.mieldelune.com\/wp-content\/uploads\/2015\/09\/photo-Coco.jpg\",\"width\":4016,\"height\":6016},{\"@type\":\"WebPage\",\"@id\":\"http:\/\/www.mieldelune.com\/index.php\/equipe\/#webpage\",\"url\":\"http:\/\/www.mieldelune.com\/index.php\/equipe\/\",\"name\":\"La compagnie -\",\"isPartOf\":{\"@id\":\"http:\/\/www.mieldelune.com\/#website\"},\"primaryImageOfPage\":{\"@id\":\"http:\/\/www.mieldelune.com\/index.php\/equipe\/#primaryimage\"},\"datePublished\":\"2015-09-10T06:56:46+00:00\",\"dateModified\":\"2025-06-13T09:35:18+00:00\",\"inLanguage\":\"fr-FR\",\"potentialAction\":[{\"@type\":\"ReadAction\",\"target\":[\"http:\/\/www.mieldelune.com\/index.php\/equipe\/\"]}]}]}<\/script>\n<!-- \/ Yoast SEO plugin. -->","_links":{"self":[{"href":"http:\/\/www.mieldelune.com\/index.php\/wp-json\/wp\/v2\/pages\/19","targetHints":{"allow":["GET"]}}],"collection":[{"href":"http:\/\/www.mieldelune.com\/index.php\/wp-json\/wp\/v2\/pages"}],"about":[{"href":"http:\/\/www.mieldelune.com\/index.php\/wp-json\/wp\/v2\/types\/page"}],"author":[{"embeddable":true,"href":"http:\/\/www.mieldelune.com\/index.php\/wp-json\/wp\/v2\/users\/1"}],"replies":[{"embeddable":true,"href":"http:\/\/www.mieldelune.com\/index.php\/wp-json\/wp\/v2\/comments?post=19"}],"version-history":[{"count":29,"href":"http:\/\/www.mieldelune.com\/index.php\/wp-json\/wp\/v2\/pages\/19\/revisions"}],"predecessor-version":[{"id":1054,"href":"http:\/\/www.mieldelune.com\/index.php\/wp-json\/wp\/v2\/pages\/19\/revisions\/1054"}],"wp:attachment":[{"href":"http:\/\/www.mieldelune.com\/index.php\/wp-json\/wp\/v2\/media?parent=19"}],"curies":[{"name":"wp","href":"https:\/\/api.w.org\/{rel}","templated":true}]}}