{"id":842,"date":"2022-08-30T10:26:59","date_gmt":"2022-08-30T09:26:59","guid":{"rendered":"http:\/\/www.mieldelune.com\/?page_id=842"},"modified":"2022-09-01T11:53:15","modified_gmt":"2022-09-01T10:53:15","slug":"plurielles","status":"publish","type":"page","link":"http:\/\/www.mieldelune.com\/index.php\/plurielles\/","title":{"rendered":"Pluriel(les)"},"content":{"rendered":"\t\t<div data-elementor-type=\"wp-page\" data-elementor-id=\"842\" class=\"elementor elementor-842\">\n\t\t\t\t\t\t<div class=\"elementor-inner\">\n\t\t\t\t<div class=\"elementor-section-wrap\">\n\t\t\t\t\t\t\t\t\t<section class=\"elementor-section elementor-top-section elementor-element elementor-element-c69b85 elementor-section-boxed elementor-section-height-default elementor-section-height-default\" data-id=\"c69b85\" data-element_type=\"section\">\n\t\t\t\t\t\t<div class=\"elementor-container elementor-column-gap-default\">\n\t\t\t\t\t\t\t<div class=\"elementor-row\">\n\t\t\t\t\t<div class=\"elementor-column elementor-col-100 elementor-top-column elementor-element elementor-element-77a0716e\" data-id=\"77a0716e\" data-element_type=\"column\">\n\t\t\t<div class=\"elementor-column-wrap elementor-element-populated\">\n\t\t\t\t\t\t\t<div class=\"elementor-widget-wrap\">\n\t\t\t\t\t\t<div class=\"elementor-element elementor-element-1e8b3ac9 elementor-widget elementor-widget-text-editor\" data-id=\"1e8b3ac9\" data-element_type=\"widget\" data-widget_type=\"text-editor.default\">\n\t\t\t\t<div class=\"elementor-widget-container\">\n\t\t\t\t\t\t\t\t<div class=\"elementor-text-editor elementor-clearfix\">\n\t\t\t\t<!-- wp:themeisle-blocks\/advanced-columns {\"id\":\"wp-block-themeisle-blocks-advanced-columns-fa5842ab\",\"columns\":1,\"layout\":\"equal\"} -->\n<div class=\"wp-block-themeisle-blocks-advanced-columns has-1-columns has-desktop-equal-layout has-tablet-equal-layout has-mobile-equal-layout has-default-gap has-vertical-unset\" id=\"wp-block-themeisle-blocks-advanced-columns-fa5842ab\" style=\"border-width:0px;border-style:solid;border-color:#000000;border-radius:0px;justify-content:unset\"><div class=\"wp-themeisle-block-overlay\" style=\"opacity:0.5;mix-blend-mode:normal\"><\/div><div class=\"innerblocks-wrap\"><!-- wp:themeisle-blocks\/advanced-column {\"id\":\"wp-block-themeisle-blocks-advanced-column-eca87fca\",\"columnWidth\":100} -->\n<div class=\"wp-block-themeisle-blocks-advanced-column\" id=\"wp-block-themeisle-blocks-advanced-column-eca87fca\" style=\"border-width:0px;border-style:solid;border-color:#000000;border-radius:0px\"><\/div>\n<!-- \/wp:themeisle-blocks\/advanced-column --><\/div><\/div>\n<!-- \/wp:themeisle-blocks\/advanced-columns -->\t\t\t\t\t<\/div>\n\t\t\t\t\t\t<\/div>\n\t\t\t\t<\/div>\n\t\t\t\t\t\t<\/div>\n\t\t\t\t\t<\/div>\n\t\t<\/div>\n\t\t\t\t\t\t\t\t<\/div>\n\t\t\t\t\t<\/div>\n\t\t<\/section>\n\t\t\t\t<section class=\"elementor-section elementor-top-section elementor-element elementor-element-30d7ea7 elementor-section-boxed elementor-section-height-default elementor-section-height-default\" data-id=\"30d7ea7\" data-element_type=\"section\">\n\t\t\t\t\t\t<div class=\"elementor-container elementor-column-gap-default\">\n\t\t\t\t\t\t\t<div class=\"elementor-row\">\n\t\t\t\t\t<div class=\"elementor-column elementor-col-100 elementor-top-column elementor-element elementor-element-574d3b3\" data-id=\"574d3b3\" data-element_type=\"column\">\n\t\t\t<div class=\"elementor-column-wrap elementor-element-populated\">\n\t\t\t\t\t\t\t<div class=\"elementor-widget-wrap\">\n\t\t\t\t\t\t<div class=\"elementor-element elementor-element-3ed30b4 elementor-widget elementor-widget-text-editor\" data-id=\"3ed30b4\" data-element_type=\"widget\" data-widget_type=\"text-editor.default\">\n\t\t\t\t<div class=\"elementor-widget-container\">\n\t\t\t\t\t\t\t\t<div class=\"elementor-text-editor elementor-clearfix\">\n\t\t\t\t<p><strong>R\u00e9coltes de paroles d\u2019enfants (CM1-CM2) \u2013 \u00e9criture \/ Lecture \u00e0 haute voix \u2013 mise en espace diff\u00e9rents textes de th\u00e9\u00e2tre contemporain jeunesse<\/strong><\/p>\n<p><\/p>\n<p><strong>Auteur :<\/strong> Fabien Arca<\/p>\n<p><strong>Auteur associ\u00e9 :<\/strong> St\u00e9phane Bientz<\/p>\n<p><strong>Metteure en sc\u00e8ne :<\/strong> Corinne R\u00e9qu\u00e9na<\/p>\n<p>La compagnie propose d&rsquo;aborder le sujet du droit \u00e0 la diff\u00e9rence, question particuli\u00e8rement pr\u00e9gnante \u00e0 la pr\u00e9adolescence et l\u2019adolescence, une fa\u00e7on d&rsquo;aller \u00e0 la rencontre de leur intime. Nous proposerons \u00e0 chacun dans la phase de r\u00e9colte de paroles d\u2019exprimer largement son sensible afin de permettre une multiplicit\u00e9 de points de vue d\u2019exister. Cette exp\u00e9rience permettra d\u2019une part aux enfants de relativiser leur v\u00e9cu ainsi que d\u2019enrichir la phase de cr\u00e9ation.<\/p>\n<p><\/p>\n<p>Nous avons choisi cette th\u00e9matique au sein de laquelle pourront \u00eatre abord\u00e9s : nos croyances, nos origines, notre rapport aux normes, notre recherche d&rsquo;identit\u00e9, nos hontes et l&rsquo;audace d&rsquo;\u00eatre soi dans toute sa singularit\u00e9. Comment assumer cette derni\u00e8re face \u00e0 l\u2019alt\u00e9rit\u00e9 ? Comment cette pluralit\u00e9 d\u2019\u00eatres enrichit-elle le monde\u00a0?<\/p>\n<p><\/p>\n<p>Le projet de sensibilisation se d\u00e9roulera sur environ une vingtaine d&rsquo;heures par classe.\u00a0<\/p>\t\t\t\t\t<\/div>\n\t\t\t\t\t\t<\/div>\n\t\t\t\t<\/div>\n\t\t\t\t\t\t<\/div>\n\t\t\t\t\t<\/div>\n\t\t<\/div>\n\t\t\t\t\t\t\t\t<\/div>\n\t\t\t\t\t<\/div>\n\t\t<\/section>\n\t\t\t\t\t\t\t\t\t<\/div>\n\t\t\t<\/div>\n\t\t\t\t\t<\/div>\n\t\t","protected":false},"excerpt":{"rendered":"<p>R\u00e9coltes de paroles d\u2019enfants (CM1-CM2) \u2013 \u00e9criture \/ Lecture \u00e0 haute voix \u2013 mise en espace diff\u00e9rents textes de th\u00e9\u00e2tre contemporain jeunesse Auteur : Fabien Arca Auteur associ\u00e9 : St\u00e9phane Bientz Metteure en sc\u00e8ne : Corinne R\u00e9qu\u00e9na La compagnie propose d&rsquo;aborder le sujet du droit \u00e0 la diff\u00e9rence, question particuli\u00e8rement [&hellip;]<\/p>\n","protected":false},"author":1,"featured_media":0,"parent":0,"menu_order":0,"comment_status":"closed","ping_status":"closed","template":"","meta":{"footnotes":""},"class_list":["post-842","page","type-page","status-publish","hentry"],"yoast_head":"<!-- This site is optimized with the Yoast SEO plugin v14.4.1 - https:\/\/yoast.com\/wordpress\/plugins\/seo\/ -->\n<title>Pluriel(les) -<\/title>\n<meta name=\"robots\" content=\"index, follow\" \/>\n<meta name=\"googlebot\" content=\"index, follow, max-snippet:-1, max-image-preview:large, max-video-preview:-1\" \/>\n<meta name=\"bingbot\" content=\"index, follow, max-snippet:-1, max-image-preview:large, max-video-preview:-1\" \/>\n<link rel=\"canonical\" href=\"http:\/\/www.mieldelune.com\/index.php\/plurielles\/\" \/>\n<meta property=\"og:locale\" content=\"fr_FR\" \/>\n<meta property=\"og:type\" content=\"article\" \/>\n<meta property=\"og:title\" content=\"Pluriel(les) -\" \/>\n<meta property=\"og:description\" content=\"R\u00e9coltes de paroles d\u2019enfants (CM1-CM2) \u2013 \u00e9criture \/ Lecture \u00e0 haute voix \u2013 mise en espace diff\u00e9rents textes de th\u00e9\u00e2tre contemporain jeunesse Auteur : Fabien Arca Auteur associ\u00e9 : St\u00e9phane Bientz Metteure en sc\u00e8ne : Corinne R\u00e9qu\u00e9na La compagnie propose d&rsquo;aborder le sujet du droit \u00e0 la diff\u00e9rence, question particuli\u00e8rement [&hellip;]\" \/>\n<meta property=\"og:url\" content=\"http:\/\/www.mieldelune.com\/index.php\/plurielles\/\" \/>\n<meta property=\"article:publisher\" content=\"https:\/\/www.facebook.com\/compagniemieldelune\" \/>\n<meta property=\"article:modified_time\" content=\"2022-09-01T10:53:15+00:00\" \/>\n<meta name=\"twitter:card\" content=\"summary_large_image\" \/>\n<script type=\"application\/ld+json\" class=\"yoast-schema-graph\">{\"@context\":\"https:\/\/schema.org\",\"@graph\":[{\"@type\":\"Organization\",\"@id\":\"http:\/\/www.mieldelune.com\/#organization\",\"name\":\"Cie Miel de Lune\",\"url\":\"http:\/\/www.mieldelune.com\/\",\"sameAs\":[\"https:\/\/www.facebook.com\/compagniemieldelune\",\"https:\/\/www.linkedin.com\/company\/compagnie-miel-de-lune\"],\"logo\":{\"@type\":\"ImageObject\",\"@id\":\"http:\/\/www.mieldelune.com\/#logo\",\"inLanguage\":\"fr-FR\",\"url\":\"http:\/\/www.mieldelune.com\/wp-content\/uploads\/2020\/02\/Logo-1.png\",\"width\":1072,\"height\":1094,\"caption\":\"Cie Miel de Lune\"},\"image\":{\"@id\":\"http:\/\/www.mieldelune.com\/#logo\"}},{\"@type\":\"WebSite\",\"@id\":\"http:\/\/www.mieldelune.com\/#website\",\"url\":\"http:\/\/www.mieldelune.com\/\",\"name\":\"\",\"description\":\"Th\\u00e9\\u00e2tre contemporain jeunesse\",\"publisher\":{\"@id\":\"http:\/\/www.mieldelune.com\/#organization\"},\"potentialAction\":[{\"@type\":\"SearchAction\",\"target\":\"http:\/\/www.mieldelune.com\/?s={search_term_string}\",\"query-input\":\"required name=search_term_string\"}],\"inLanguage\":\"fr-FR\"},{\"@type\":\"WebPage\",\"@id\":\"http:\/\/www.mieldelune.com\/index.php\/plurielles\/#webpage\",\"url\":\"http:\/\/www.mieldelune.com\/index.php\/plurielles\/\",\"name\":\"Pluriel(les) -\",\"isPartOf\":{\"@id\":\"http:\/\/www.mieldelune.com\/#website\"},\"datePublished\":\"2022-08-30T09:26:59+00:00\",\"dateModified\":\"2022-09-01T10:53:15+00:00\",\"inLanguage\":\"fr-FR\",\"potentialAction\":[{\"@type\":\"ReadAction\",\"target\":[\"http:\/\/www.mieldelune.com\/index.php\/plurielles\/\"]}]}]}<\/script>\n<!-- \/ Yoast SEO plugin. -->","_links":{"self":[{"href":"http:\/\/www.mieldelune.com\/index.php\/wp-json\/wp\/v2\/pages\/842","targetHints":{"allow":["GET"]}}],"collection":[{"href":"http:\/\/www.mieldelune.com\/index.php\/wp-json\/wp\/v2\/pages"}],"about":[{"href":"http:\/\/www.mieldelune.com\/index.php\/wp-json\/wp\/v2\/types\/page"}],"author":[{"embeddable":true,"href":"http:\/\/www.mieldelune.com\/index.php\/wp-json\/wp\/v2\/users\/1"}],"replies":[{"embeddable":true,"href":"http:\/\/www.mieldelune.com\/index.php\/wp-json\/wp\/v2\/comments?post=842"}],"version-history":[{"count":3,"href":"http:\/\/www.mieldelune.com\/index.php\/wp-json\/wp\/v2\/pages\/842\/revisions"}],"predecessor-version":[{"id":852,"href":"http:\/\/www.mieldelune.com\/index.php\/wp-json\/wp\/v2\/pages\/842\/revisions\/852"}],"wp:attachment":[{"href":"http:\/\/www.mieldelune.com\/index.php\/wp-json\/wp\/v2\/media?parent=842"}],"curies":[{"name":"wp","href":"https:\/\/api.w.org\/{rel}","templated":true}]}}